{"id":3995,"date":"2023-06-01T17:12:21","date_gmt":"2023-06-01T22:12:21","guid":{"rendered":"https:\/\/creativoagencia.pe\/?page_id=3995"},"modified":"2023-07-13T19:09:43","modified_gmt":"2023-07-14T00:09:43","slug":"terms-conditions-privacy-policies-app","status":"publish","type":"page","link":"https:\/\/creativoagencia.pe\/terms-conditions-privacy-policies-app\/","title":{"rendered":"T\u00e9rminos y Condiciones Apps M\u00f3viles"},"content":{"rendered":"\t\t<div data-elementor-type=\"wp-page\" data-elementor-id=\"3995\" class=\"elementor elementor-3995\" data-elementor-post-type=\"page\">\n\t\t\t\t\t\t\t\t\t<section class=\"elementor-section elementor-top-section elementor-element elementor-element-7c851c0 elementor-section-full_width elementor-section-height-default elementor-section-height-default\" data-id=\"7c851c0\" data-element_type=\"section\">\n\t\t\t\t\t\t<div class=\"elementor-container elementor-column-gap-no\">\n\t\t\t\t\t<div class=\"elementor-column elementor-col-100 elementor-top-column elementor-element elementor-element-8bbe385\" data-id=\"8bbe385\" data-element_type=\"column\">\n\t\t\t<div class=\"elementor-widget-wrap elementor-element-populated\">\n\t\t\t\t\t\t\t\t<div class=\"elementor-element elementor-element-edf3ed5 elementor-widget elementor-widget-leverage-slider\" data-id=\"edf3ed5\" data-element_type=\"widget\" data-widget_type=\"leverage-slider.default\">\n\t\t\t\t<div class=\"elementor-widget-container\">\n\t\t\t\r\n\t\t<section class=\"hero p-0\">\r\n\t\t\t<div class=\"swiper-container slider-container no-slider animation slider-h-auto slider-h-75\" data-speed=\"10000\">\r\n\t\t\t\t<div class=\"swiper-wrapper\">\r\n\r\n\t\t\t\t\t\r\n\t\t\t\t\t\t<div class=\"swiper-slide slide-center slider-item\">\r\n\r\n\t\t\t\t\t\t\t\t\t\t\t\t\t\t\t<div id=\"particles-1\" class=\"particles full-image\" data-particle=\"default\"><\/div>\r\n\t\t\t\t\t\t\t\r\n\t\t\t\t\t\t\t\t\t\t\t\t\t\t\t<img decoding=\"async\" data-aos=\"zoom-out-up\" data-aos-delay=\"400\" src=\"https:\/\/creativoagencia.pe\/wp-content\/uploads\/2023\/06\/potica_creativo_agencia.webp\" class=\"slider-image full-image \">\r\n\t\t\t\t\t\t\t\r\n\t\t\t\t\t\t\t<div class=\"slide-content row\">\r\n\t\t\t\t\t\t\t\t<div class=\"col-12 d-flex justify-content-center inner\">\r\n\t\t\t\t\t\t\t\t\t<div class=\"slider-outline  center text-center text-md-center\" style=\"width: 80%\">\r\n\r\n\t\t\t\t\t\t\t\t\t\t\t\t\t\t\t\t\t\t\t\t\t<h1 class=\"title effect-static-text title effect-static-text\" data-aos=\"zoom-out-up\" data-aos-delay=\"400\">\r\n\t\t\t\t\t\t\t\t\t\t\t\tT\u00e9rminos y Condiciones Apps M\u00f3viles\t\t\t\t\t\t\t\t\t\t\t<\/h1>\r\n\t\t\t\t\t\t\t\t\t\t\r\n\t\t\t\t\t\t\t\t\t\t\r\n\t\t\t\t\t\t\t\t\t\t\r\n\t\t\t\t\t\t\t\t\t\t<div class=\"buttons buttons\" data-aos=\"zoom-out-up\" data-aos-delay=\"1200\">\r\n\r\n\t\t\t\t\t\t\t\t\t\t\t\r\n\t\t\t\t\t\t\t\t\t\t\t<div class=\"d-sm-inline-flex justify-content-center\">\r\n\r\n\t\t\t\t\t\t\t\t\t\t\t\t\r\n\t\t\t\t\t\t\t\t\t\t\t\t\t\t\t\t\t\t\t\t\t\t\t\t\r\n\t\t\t\t\t\t\t\t\t\t\t\t\r\n\t\t\t\t\t\t\t\t\t\t\t\t\r\n\t\t\t\t\t\t\t\t\t\t\t<\/div>\r\n\t\t\t\t\t\t\t\t\t\t<\/div>\r\n\r\n\t\t\t\t\t\t\t\t\t<\/div>\r\n\t\t\t\t\t\t\t\t<\/div>\r\n\t\t\t\t\t\t\t<\/div>\r\n\t\t\t\t\t\t<\/div>\r\n\t\t\t\t\t\r\n\t\t\t\t\t\r\n\t\t\t\t<\/div>\r\n\t\t\t\t\t\t\t\t\t<div class=\"swiper-pagination slider-pagination\"><\/div>\r\n\t\t\t\t\t\t\t\t\t\r\n\t\t\t<\/div>\r\n\t\t<\/section>\r\n\r\n\t\t\t\t<\/div>\n\t\t\t\t<\/div>\n\t\t\t\t\t<\/div>\n\t\t<\/div>\n\t\t\t\t\t\t\t<\/div>\n\t\t<\/section>\n\t\t\t\t<section class=\"elementor-section elementor-top-section elementor-element elementor-element-3baf134 elementor-section-boxed elementor-section-height-default elementor-section-height-default\" data-id=\"3baf134\" data-element_type=\"section\">\n\t\t\t\t\t\t<div class=\"elementor-container elementor-column-gap-default\">\n\t\t\t\t\t<div class=\"elementor-column elementor-col-100 elementor-top-column elementor-element elementor-element-3054bc2\" data-id=\"3054bc2\" data-element_type=\"column\">\n\t\t\t<div class=\"elementor-widget-wrap elementor-element-populated\">\n\t\t\t\t\t\t\t\t<div class=\"elementor-element elementor-element-e24c9c0 elementor-widget elementor-widget-spacer\" data-id=\"e24c9c0\" data-element_type=\"widget\" data-widget_type=\"spacer.default\">\n\t\t\t\t<div class=\"elementor-widget-container\">\n\t\t\t<style>\/*! elementor - v3.18.0 - 20-12-2023 *\/\n.elementor-column .elementor-spacer-inner{height:var(--spacer-size)}.e-con{--container-widget-width:100%}.e-con-inner>.elementor-widget-spacer,.e-con>.elementor-widget-spacer{width:var(--container-widget-width,var(--spacer-size));--align-self:var(--container-widget-align-self,initial);--flex-shrink:0}.e-con-inner>.elementor-widget-spacer>.elementor-widget-container,.e-con>.elementor-widget-spacer>.elementor-widget-container{height:100%;width:100%}.e-con-inner>.elementor-widget-spacer>.elementor-widget-container>.elementor-spacer,.e-con>.elementor-widget-spacer>.elementor-widget-container>.elementor-spacer{height:100%}.e-con-inner>.elementor-widget-spacer>.elementor-widget-container>.elementor-spacer>.elementor-spacer-inner,.e-con>.elementor-widget-spacer>.elementor-widget-container>.elementor-spacer>.elementor-spacer-inner{height:var(--container-widget-height,var(--spacer-size))}.e-con-inner>.elementor-widget-spacer.elementor-widget-empty,.e-con>.elementor-widget-spacer.elementor-widget-empty{position:relative;min-height:22px;min-width:22px}.e-con-inner>.elementor-widget-spacer.elementor-widget-empty .elementor-widget-empty-icon,.e-con>.elementor-widget-spacer.elementor-widget-empty .elementor-widget-empty-icon{position:absolute;top:0;bottom:0;left:0;right:0;margin:auto;padding:0;width:22px;height:22px}<\/style>\t\t<div class=\"elementor-spacer\">\n\t\t\t<div class=\"elementor-spacer-inner\"><\/div>\n\t\t<\/div>\n\t\t\t\t<\/div>\n\t\t\t\t<\/div>\n\t\t\t\t<div class=\"elementor-element elementor-element-8d5064c elementor-widget elementor-widget-text-editor\" data-id=\"8d5064c\" data-element_type=\"widget\" data-widget_type=\"text-editor.default\">\n\t\t\t\t<div class=\"elementor-widget-container\">\n\t\t\t<style>\/*! elementor - v3.18.0 - 20-12-2023 *\/\n.elementor-widget-text-editor.elementor-drop-cap-view-stacked .elementor-drop-cap{background-color:#69727d;color:#fff}.elementor-widget-text-editor.elementor-drop-cap-view-framed .elementor-drop-cap{color:#69727d;border:3px solid;background-color:transparent}.elementor-widget-text-editor:not(.elementor-drop-cap-view-default) .elementor-drop-cap{margin-top:8px}.elementor-widget-text-editor:not(.elementor-drop-cap-view-default) .elementor-drop-cap-letter{width:1em;height:1em}.elementor-widget-text-editor .elementor-drop-cap{float:left;text-align:center;line-height:1;font-size:50px}.elementor-widget-text-editor .elementor-drop-cap-letter{display:inline-block}<\/style>\t\t\t\t<p><strong>T\u00c9RMINOS DE SERVICIO APLICABLES A NUESTRAS APPS, PLATAFORMA, SERVICIOS RELACIONADOS A LAS APLICACIONES MOVILES<\/strong><\/p><p>Por favor revise cuidadosamente los siguientes T\u00e9rminos de Servicio. Al acceder, usar y\/o descargar o compartir cualquier material en las apps desarrolladas por <strong>CREATIVOAGENCIA.PE<\/strong>, usted acepta seguir y estar sujeto a los T\u00e9rminos de servicio. Si no est\u00e1 de acuerdo con los T\u00e9rminos de servicio, no puede usar las aplicaciones desarrolladas por <strong>CREATIVOAGENCIA.PE<\/strong>.<\/p><p>Adem\u00e1s, al usar ciertos servicios, estar\u00e1 sujeto a los t\u00e9rminos adicionales aplicables a dichos servicios que pueden publicarse en el Sitio de vez en cuando, incluida, entre otras, la Pol\u00edtica de privacidad. Todos estos t\u00e9rminos se incorporan por referencia a estos T\u00e9rminos de servicio.<\/p><p><strong>El Servicio en General.<\/strong><\/p><p><strong>1.1 El Servicio de las aplicaciones provistas por CREATIVO AGENCIA<\/strong><\/p><p>Nuestras aplicaciones son aplicaciones desarrolladas por nosotros para uso exclusivo de cada medio de comunicaci\u00f3n que la contrata, dichas aplicaciones permiten la reproducci\u00f3n de contenido v\u00eda streaming de audio, video o ambas. El contenido es solamente responsabilidad del medio de comunicaci\u00f3n que utiliza\/alquila el uso de nuestra aplicaci\u00f3n.\u00a0<strong>CREATIVO AGENCIA \u00fanicamente provee los medios y desarrollo de la aplicaci\u00f3n para terceros.<\/strong><\/p><p><strong>1.2 Registro en la Plataforma.<\/strong><\/p><p>Para acceder al Chat y participar, deber\u00e1 logearse con alguna de sus cuentas (facebook, google, apple). No utilizamos ni recolectamos informaci\u00f3n personal de ning\u00fan tipo, \u00fanicamente se utiliza la imagen de su perfil y nombre para ser mostrados en el chat.<\/p><p><strong>1.3 Compromiso de Usuario.<\/strong><\/p><p>Todo usuario del servicio de chat se compromete a:<\/p><ul><li>Mantener una conducta decente y de respeto mutuo cuando utiliza este servicio.<br \/>\u2022 No usar lenguaje ofensivo, calumnioso u ofensivo hacia los otros usuarios de este servicio.<br \/>\u2022 No violar las leyes o reglamentos vigentes.<br \/>\u2022 No publicar mensajes comerciales.<br \/>\u2022 No enviar repetida e indiscriminadamente mensajes en el chat, que puedan provocar una degradaci\u00f3n del servicio.<\/li><\/ul><p><strong>1.4 Pr\u00e1cticas Generales de Uso y Almacenamiento.<\/strong><\/p><p>Usted reconoce que podemos establecer pr\u00e1cticas generales y l\u00edmites con respecto al uso del Servicio, incluido, entre otros, el per\u00edodo m\u00e1ximo de tiempo que la aplicaci\u00f3n retendr\u00e1 nuestras estad\u00edsticas, datos u otro contenido y el espacio de almacenamiento m\u00e1ximo que se asignar\u00e1 en nuestros servidores en su nombre.<\/p><p><strong>1.5 Modificaci\u00f3n de la Plataforma.<\/strong><\/p><p>Nos reservamos el derecho en cualquier momento, con o sin previo aviso, de modificar o descontinuar, temporal o permanentemente, las Apps (o cualquier parte de la misma).<\/p><p><strong>1.6 Pol\u00edtica de privacidad.<\/strong><\/p><p>Consulte nuestra Pol\u00edtica de privacidad (disponible en CREATIVOAGENCIA.PE) para obtener informaci\u00f3n sobre c\u00f3mo recopilamos, usamos y divulgamos informaci\u00f3n sobre usted.<\/p><p><strong>Condiciones de Uso de los Servicios.<\/strong><\/p><p><strong>2.1 Uso prohibido.<\/strong><\/p><p>La siguiente lista no es exhaustiva. Nos reservamos el derecho de investigar y emprender las acciones legales correspondientes contra cualquier persona que, a nuestro exclusivo criterio, infrinja esta disposici\u00f3n, lo que incluye, entre otros, suspender o cancelar la cuenta infractora de dichos infractores y denunciarlo a las autoridades encargadas de hacer cumplir la ley. Usted es el \u00fanico responsable de cualquier contenido que publique como parte de su Publicaci\u00f3n de usuario y cualquier otro contenido que cree y publique en relaci\u00f3n con el Servicio. Usted acepta no utilizar los Servicios para:<\/p><ol><li>transmitir cualquier contenido que (i) infrinja cualquier propiedad intelectual u otros derechos de propiedad de cualquier parte; (ii) contiene virus de software o cualquier otro c\u00f3digo de computadora, archivos o programas dise\u00f1ados para interrumpir, destruir o limitar la funcionalidad de cualquier software o hardware de computadora o equipo de telecomunicaciones; (iii) plantea o crea un riesgo de privacidad o seguridad para cualquier persona; (iv) constituya publicidad no solicitada o no autorizada, materiales promocionales, actividades comerciales y\/o ventas, \u00abcorreo basura\u00bb, \u00abspam\u00bb, \u00abcartas en cadena\u00bb, \u00abesquemas piramidales\u00bb, \u00abconcursos\u00bb, \u00absorteos\u00bb o cualquier otra forma de solicitud; (v) es ilegal, da\u00f1ino, amenazante, abusivo, acosador, provocador, tortuoso, excesivamente violento, difamatorio, vulgar, obsceno, pornogr\u00e1fico, calumnioso, invasivo de la privacidad de otra persona, odioso desde el punto de vista racial, \u00e9tnico u objetable de otro modo;<\/li><li>interferir o interrumpir las Apps y\/o el Servicio o los servidores o las redes conectadas a los Servicios, o desobedecer cualquier requisito, procedimiento, pol\u00edtica o regulaci\u00f3n de las redes conectadas a las Apps y\/o el Servicio;<\/li><li>violar cualquier ley local, estatal, nacional o internacional aplicable, o cualquier reglamento que tenga fuerza de ley;<\/li><li>hacerse pasar por cualquier persona o entidad;<\/li><li>publicitar u ofrecer vender o comprar bienes o servicios para cualquier prop\u00f3sito comercial que no est\u00e9 espec\u00edficamente autorizado;<\/li><li>fomentar o promover cualquier actividad o empresa delictiva o proporcionar informaci\u00f3n instructiva sobre actividades ilegales; o<\/li><li>obtener o intentar acceder u obtener cualquier material o informaci\u00f3n a trav\u00e9s de cualquier medio que no est\u00e9 disponible o proporcionado intencionalmente a trav\u00e9s de las Apps y\/o el Servicio.<\/li><\/ol><p><strong>2.2 Terminaci\u00f3n.<\/strong><\/p><p>Usted acepta que nosotros, a nuestro exclusivo criterio, podemos suspender o cancelar su Cuenta (o cualquier parte de la misma) y el uso del Servicio y eliminar y descartar cualquier contenido dentro de las Apps, por cualquier motivo.<\/p><p><strong>2.3 Contenido de terceros.<\/strong><\/p><p>Las Apps pueden contener enlaces a sitios web de terceros (por ejemplo, Enlaces de socios participantes), aplicaciones u otros servicios de terceros, y usted comprende y acepta que no somos responsables de la disponibilidad o precisi\u00f3n de dichas propiedades de terceros. o el contenido, productos o servicios disponibles a trav\u00e9s de dichas propiedades. No respaldamos ni controlamos dichas propiedades de terceros y no hacemos representaciones ni garant\u00edas de ning\u00fan tipo con respecto a dichas propiedades. Si accede o utiliza propiedades de terceros, tambi\u00e9n debe tener en cuenta que regir\u00e1n los t\u00e9rminos y pol\u00edticas de dichos terceros. Tampoco podemos controlar y no garantizamos ning\u00fan precio promocional ofrecido por los Socios participantes.<\/p><p><strong>Derechos de propiedad intelectual.<\/strong><\/p><p><strong>3.1 Contenido del Servicio, Software y Marcas Registradas.<\/strong><\/p><p>Usted reconoce y acepta que las Apps y\/o el Servicio pueden contener contenido (\u00abContenido del servicio\u00bb) que est\u00e1 protegido por derechos de autor, patentes, marcas registradas, secretos comerciales u otros derechos y leyes de propiedad, propiedad de CREATIVO AGENCIA APP, nuestros Socios participantes, o cualquier otro tercero. Nos reservamos todos los derechos no otorgados expresamente en este documento. La tecnolog\u00eda y el software subyacentes a las Apps y el Servicio o distribuidos en relaci\u00f3n con ellos (por ejemplo, dise\u00f1o, funciones y otros widgets, son propiedad nuestra, y de nuestros socios). Usted acepta no copiar, modificar, crear un trabajo derivado, aplicar ingenier\u00eda inversa, ensamblar de forma inversa o intentar descubrir cualquier c\u00f3digo fuente, vender, asignar, sublicenciar o transferir cualquier derecho en el Software. Nos reservamos todos los derechos no otorgados expresamente en este documento.<\/p><p>Nuestro nombre y logotipos son marcas comerciales y marcas de servicio de <strong>CREATIVOAGENCIA.PE<\/strong>. Las otras marcas comerciales, marcas de servicio y logotipos utilizados y mostrados a trav\u00e9s de la Plataforma y el Servicio pueden ser marcas comerciales o marcas de servicio de sus respectivos propietarios (\u00abMarcas comerciales de terceros\u00bb) que pueden o no respaldar o estar afiliados o conectados con nosotros. Nada en estos T\u00e9rminos de servicio o los Servicios debe interpretarse como una concesi\u00f3n, por implicaci\u00f3n, impedimento legal o de otro modo, de ninguna licencia o derecho para usar cualquiera de las Marcas comerciales de la aplicaci\u00f3n CREATIVO AGENCIA o las Marcas comerciales de terceros.<\/p><p><strong>3.2 Informaci\u00f3n y contenido del usuario.<\/strong><\/p><p>En estos T\u00e9rminos, el contenido disponible a trav\u00e9s del Servicio, incluida toda la informaci\u00f3n, los datos, los logotipos, las marcas, los dise\u00f1os, los gr\u00e1ficos, las im\u00e1genes, los videos, los archivos de sonido, otros archivos y su selecci\u00f3n y disposici\u00f3n, se denomina \u00abContenido\u00bb. El contenido proporcionado por los Usuarios se denomina \u00abContenido del Usuario\u00bb. El Contenido del Usuario es propiedad de ese Usuario. Usted es el \u00fanico responsable de su Contenido de usuario y otros materiales que utilice como parte del Servicio.<\/p><p><strong>Renuncia de garant\u00edas.<\/strong><\/p><p>SU USO DE LA PLATAFORMA Y\/O EL SERVICIO ES BAJO SU PROPIO RIESGO. LA PLATAFORMA Y EL SERVICIO SE PROPORCIONAN \u00abTAL CUAL\u00bb Y \u00abSEG\u00daN DISPONIBILIDAD\u00bb. RENUNCIAMOS EXPRESAMENTE TODAS LAS GARANT\u00cdAS DE CUALQUIER TIPO, YA SEA EXPL\u00cdCITA, IMPL\u00cdCITA O ESTATUTARIA, INCLUIDAS, ENTRE OTRAS, LAS GARANT\u00cdAS IMPL\u00cdCITAS DE COMERCIABILIDAD, IDONEIDAD PARA UN PROP\u00d3SITO EN PARTICULAR, T\u00cdTULO Y NO VIOLACI\u00d3N.<\/p><p><strong>Limitaci\u00f3n de responsabilidad.<\/strong><\/p><p>EN NING\u00daN CASO LAS PARTES DE LA APLICACI\u00d3N SER\u00c1N RESPONSABLES DE CUALQUIER DA\u00d1O INDIRECTO, INCIDENTAL, CONSECUENCIAL, ECON\u00d3MICO, ESPECIAL O PUNITIVO, INCLUYENDO, SIN LIMITACI\u00d3N, POR P\u00c9RDIDA DE BENEFICIOS, P\u00c9RDIDA DE OPORTUNIDADES, INTERRUPCI\u00d3N DE NEGOCIOS O P\u00c9RDIDA DE DATOS, INCLUSO SI SE HA ADVERTIDO LA POSIBILIDAD DE DICHOS DA\u00d1OS, YA SEA POR CONTRATO, GARANT\u00cdA, AGRAVIO (INCLUIDA LA NEGLIGENCIA, YA SEA ACTIVA, PASIVA O IMPUTADA), RESPONSABILIDAD DEL PRODUCTO, RESPONSABILIDAD ESTRICTA U OTRA TEOR\u00cdA, QUE SURJAN O EST\u00c9N RELACIONADOS CON EL USO O LA IMPOSIBILIDAD DE USAR LA PLATAFORMA Y \/O SERVICIO. EN NING\u00daN CASO NUESTRA RESPONSABILIDAD TOTAL HACIA USTED POR TODOS LOS DA\u00d1OS, P\u00c9RDIDAS O CAUSAS DE ACCI\u00d3N EXCEDER\u00c1 LOS CIEN D\u00d3LARES ($100).<\/p><p>LA RENUNCIA ANTERIOR DE CIERTOS DA\u00d1OS Y LA LIMITACI\u00d3N DE RESPONSABILIDAD SE APLICAR\u00c1N EN LA MEDIDA M\u00c1XIMA PERMITIDA POR LA LEY APLICABLE. LAS LEYES DE ALGUNOS ESTADOS O JURISDICCIONES NO PERMITEN LA EXCLUSI\u00d3N O LIMITACI\u00d3N DE CIERTOS DA\u00d1OS, POR LO QUE ALGUNAS O TODAS LAS EXCLUSIONES Y LIMITACIONES ESTABLECIDAS ANTERIORMENTE PUEDEN NO APLICAR EN SU CASO. EN CONSECUENCIA, SI NO EST\u00c1 SATISFECHO CON ALGUNA PARTE DE LOS SERVICIOS O CON ESTOS T\u00c9RMINOS DE SERVICIO, SU \u00daNICO Y EXCLUSIVO RECURSO ES DEJAR DE UTILIZAR LOS SERVICIOS.<\/p><p><strong>Modificaciones a los T\u00e9rminos de Servicio.<\/strong><\/p><p>Nos reservamos el derecho, a nuestro exclusivo criterio, de cambiar o modificar partes de estos T\u00e9rminos de servicio en cualquier momento sin previo aviso. Debe visitar peri\u00f3dicamente esta p\u00e1gina para revisar los T\u00e9rminos de servicio actuales para que est\u00e9 al tanto de cualquier revisi\u00f3n a la que est\u00e9 obligado. Si hacemos esto, publicaremos los cambios a estos T\u00e9rminos de servicio en esta p\u00e1gina e indicaremos en la parte inferior de esta p\u00e1gina la fecha de la \u00faltima revisi\u00f3n de estos t\u00e9rminos.<\/p><p><strong>\u00a0\u00bfPreguntas? \u00bfPreocupaciones? Sugerencias?.<\/strong><\/p><p>Comun\u00edquese con nosotros a mediante Ticket de Soporte para informar cualquier violaci\u00f3n de estos T\u00e9rminos de servicio o para plantear cualquier pregunta con respecto a estos T\u00e9rminos de servicio o la Plataforma y\/o el Servicio.<\/p><p>Vigente a partir del 1 de Junio del 2023.<\/p>\t\t\t\t\t\t<\/div>\n\t\t\t\t<\/div>\n\t\t\t\t\t<\/div>\n\t\t<\/div>\n\t\t\t\t\t\t\t<\/div>\n\t\t<\/section>\n\t\t\t\t<section class=\"elementor-section elementor-top-section elementor-element elementor-element-f03aff0 elementor-section-boxed elementor-section-height-default elementor-section-height-default\" data-id=\"f03aff0\" data-element_type=\"section\">\n\t\t\t\t\t\t<div class=\"elementor-container elementor-column-gap-default\">\n\t\t\t\t\t<div class=\"elementor-column elementor-col-100 elementor-top-column elementor-element elementor-element-9e6b4f6\" data-id=\"9e6b4f6\" data-element_type=\"column\">\n\t\t\t<div class=\"elementor-widget-wrap elementor-element-populated\">\n\t\t\t\t\t\t\t\t<div class=\"elementor-element elementor-element-c811322 elementor-widget elementor-widget-spacer\" data-id=\"c811322\" data-element_type=\"widget\" data-widget_type=\"spacer.default\">\n\t\t\t\t<div class=\"elementor-widget-container\">\n\t\t\t\t\t<div class=\"elementor-spacer\">\n\t\t\t<div class=\"elementor-spacer-inner\"><\/div>\n\t\t<\/div>\n\t\t\t\t<\/div>\n\t\t\t\t<\/div>\n\t\t\t\t\t<\/div>\n\t\t<\/div>\n\t\t\t\t\t\t\t<\/div>\n\t\t<\/section>\n\t\t\t\t\t\t\t<\/div>\n\t\t","protected":false},"excerpt":{"rendered":"<p>T\u00e9rminos y Condiciones Apps M\u00f3viles T\u00c9RMINOS DE SERVICIO APLICABLES A NUESTRAS APPS, PLATAFORMA, SERVICIOS RELACIONADOS A LAS APLICACIONES MOVILES Por&#8230;<\/p>\n","protected":false},"author":1,"featured_media":0,"parent":0,"menu_order":0,"comment_status":"closed","ping_status":"closed","template":"templates\/full-width.php","meta":{"footnotes":""},"acf":[],"yoast_head":"<!-- This site is optimized with the Yoast SEO Premium plugin v21.7 (Yoast SEO v22.1) - https:\/\/yoast.com\/wordpress\/plugins\/seo\/ -->\n<title>T\u00e9rminos y Condiciones Apps M\u00f3viles - Creativo<\/title>\n<meta name=\"robots\" content=\"index, follow, max-snippet:-1, max-image-preview:large, max-video-preview:-1\" \/>\n<link rel=\"canonical\" href=\"https:\/\/creativoagencia.pe\/terms-conditions-privacy-policies-app\/\" \/>\n<meta property=\"og:locale\" content=\"es_ES\" \/>\n<meta property=\"og:type\" content=\"article\" \/>\n<meta property=\"og:title\" content=\"T\u00e9rminos y Condiciones Apps M\u00f3viles\" \/>\n<meta property=\"og:description\" content=\"T\u00e9rminos y Condiciones Apps M\u00f3viles T\u00c9RMINOS DE SERVICIO APLICABLES A NUESTRAS APPS, PLATAFORMA, SERVICIOS RELACIONADOS A LAS APLICACIONES MOVILES Por...\" \/>\n<meta property=\"og:url\" content=\"https:\/\/creativoagencia.pe\/terms-conditions-privacy-policies-app\/\" \/>\n<meta property=\"og:site_name\" content=\"Creativo\" \/>\n<meta property=\"article:modified_time\" content=\"2023-07-14T00:09:43+00:00\" \/>\n<meta property=\"og:image\" content=\"https:\/\/creativoagencia.pe\/wp-content\/uploads\/2023\/06\/potica_creativo_agencia.webp\" \/>\n<meta name=\"twitter:card\" content=\"summary_large_image\" \/>\n<meta name=\"twitter:label1\" content=\"Est. reading time\" \/>\n\t<meta name=\"twitter:data1\" content=\"8 minutos\" \/>\n<script type=\"application\/ld+json\" class=\"yoast-schema-graph\">{\"@context\":\"https:\/\/schema.org\",\"@graph\":[{\"@type\":\"WebPage\",\"@id\":\"https:\/\/creativoagencia.pe\/terms-conditions-privacy-policies-app\/\",\"url\":\"https:\/\/creativoagencia.pe\/terms-conditions-privacy-policies-app\/\",\"name\":\"T\u00e9rminos y Condiciones Apps M\u00f3viles - Creativo\",\"isPartOf\":{\"@id\":\"https:\/\/creativoagencia.pe\/#website\"},\"datePublished\":\"2023-06-01T22:12:21+00:00\",\"dateModified\":\"2023-07-14T00:09:43+00:00\",\"breadcrumb\":{\"@id\":\"https:\/\/creativoagencia.pe\/terms-conditions-privacy-policies-app\/#breadcrumb\"},\"inLanguage\":\"es-PE\",\"potentialAction\":[{\"@type\":\"ReadAction\",\"target\":[\"https:\/\/creativoagencia.pe\/terms-conditions-privacy-policies-app\/\"]}]},{\"@type\":\"BreadcrumbList\",\"@id\":\"https:\/\/creativoagencia.pe\/terms-conditions-privacy-policies-app\/#breadcrumb\",\"itemListElement\":[{\"@type\":\"ListItem\",\"position\":1,\"name\":\"Portada\",\"item\":\"https:\/\/creativoagencia.pe\/\"},{\"@type\":\"ListItem\",\"position\":2,\"name\":\"T\u00e9rminos y Condiciones Apps M\u00f3viles\"}]},{\"@type\":\"WebSite\",\"@id\":\"https:\/\/creativoagencia.pe\/#website\",\"url\":\"https:\/\/creativoagencia.pe\/\",\"name\":\"Creativo\",\"description\":\"Agencia Digital\",\"potentialAction\":[{\"@type\":\"SearchAction\",\"target\":{\"@type\":\"EntryPoint\",\"urlTemplate\":\"https:\/\/creativoagencia.pe\/?s={search_term_string}\"},\"query-input\":\"required name=search_term_string\"}],\"inLanguage\":\"es-PE\"}]}<\/script>\n<!-- \/ Yoast SEO Premium plugin. -->","yoast_head_json":{"title":"T\u00e9rminos y Condiciones Apps M\u00f3viles - Creativo","robots":{"index":"index","follow":"follow","max-snippet":"max-snippet:-1","max-image-preview":"max-image-preview:large","max-video-preview":"max-video-preview:-1"},"canonical":"https:\/\/creativoagencia.pe\/terms-conditions-privacy-policies-app\/","og_locale":"es_ES","og_type":"article","og_title":"T\u00e9rminos y Condiciones Apps M\u00f3viles","og_description":"T\u00e9rminos y Condiciones Apps M\u00f3viles T\u00c9RMINOS DE SERVICIO APLICABLES A NUESTRAS APPS, PLATAFORMA, SERVICIOS RELACIONADOS A LAS APLICACIONES MOVILES Por...","og_url":"https:\/\/creativoagencia.pe\/terms-conditions-privacy-policies-app\/","og_site_name":"Creativo","article_modified_time":"2023-07-14T00:09:43+00:00","og_image":[{"url":"https:\/\/creativoagencia.pe\/wp-content\/uploads\/2023\/06\/potica_creativo_agencia.webp"}],"twitter_card":"summary_large_image","twitter_misc":{"Est. reading time":"8 minutos"},"schema":{"@context":"https:\/\/schema.org","@graph":[{"@type":"WebPage","@id":"https:\/\/creativoagencia.pe\/terms-conditions-privacy-policies-app\/","url":"https:\/\/creativoagencia.pe\/terms-conditions-privacy-policies-app\/","name":"T\u00e9rminos y Condiciones Apps M\u00f3viles - Creativo","isPartOf":{"@id":"https:\/\/creativoagencia.pe\/#website"},"datePublished":"2023-06-01T22:12:21+00:00","dateModified":"2023-07-14T00:09:43+00:00","breadcrumb":{"@id":"https:\/\/creativoagencia.pe\/terms-conditions-privacy-policies-app\/#breadcrumb"},"inLanguage":"es-PE","potentialAction":[{"@type":"ReadAction","target":["https:\/\/creativoagencia.pe\/terms-conditions-privacy-policies-app\/"]}]},{"@type":"BreadcrumbList","@id":"https:\/\/creativoagencia.pe\/terms-conditions-privacy-policies-app\/#breadcrumb","itemListElement":[{"@type":"ListItem","position":1,"name":"Portada","item":"https:\/\/creativoagencia.pe\/"},{"@type":"ListItem","position":2,"name":"T\u00e9rminos y Condiciones Apps M\u00f3viles"}]},{"@type":"WebSite","@id":"https:\/\/creativoagencia.pe\/#website","url":"https:\/\/creativoagencia.pe\/","name":"Creativo","description":"Agencia Digital","potentialAction":[{"@type":"SearchAction","target":{"@type":"EntryPoint","urlTemplate":"https:\/\/creativoagencia.pe\/?s={search_term_string}"},"query-input":"required name=search_term_string"}],"inLanguage":"es-PE"}]}},"_links":{"self":[{"href":"https:\/\/creativoagencia.pe\/wp-json\/wp\/v2\/pages\/3995"}],"collection":[{"href":"https:\/\/creativoagencia.pe\/wp-json\/wp\/v2\/pages"}],"about":[{"href":"https:\/\/creativoagencia.pe\/wp-json\/wp\/v2\/types\/page"}],"author":[{"embeddable":true,"href":"https:\/\/creativoagencia.pe\/wp-json\/wp\/v2\/users\/1"}],"replies":[{"embeddable":true,"href":"https:\/\/creativoagencia.pe\/wp-json\/wp\/v2\/comments?post=3995"}],"version-history":[{"count":32,"href":"https:\/\/creativoagencia.pe\/wp-json\/wp\/v2\/pages\/3995\/revisions"}],"predecessor-version":[{"id":4424,"href":"https:\/\/creativoagencia.pe\/wp-json\/wp\/v2\/pages\/3995\/revisions\/4424"}],"wp:attachment":[{"href":"https:\/\/creativoagencia.pe\/wp-json\/wp\/v2\/media?parent=3995"}],"curies":[{"name":"wp","href":"https:\/\/api.w.org\/{rel}","templated":true}]}}